{"id":160,"date":"2025-07-27T08:06:46","date_gmt":"2025-07-27T08:06:46","guid":{"rendered":"https:\/\/anita-kontrec.com\/?page_id=160"},"modified":"2025-07-27T17:14:08","modified_gmt":"2025-07-27T17:14:08","slug":"publications","status":"publish","type":"page","link":"https:\/\/anita-kontrec.com\/?page_id=160","title":{"rendered":"Publications"},"content":{"rendered":"\n<div class=\"wp-block-columns alignwide is-layout-flex wp-container-core-columns-is-layout-9d6595d7 wp-block-columns-is-layout-flex\">\n<div class=\"wp-block-column is-layout-flow wp-block-column-is-layout-flow\">\n<div class=\"wp-block-columns is-layout-flex wp-container-core-columns-is-layout-9d6595d7 wp-block-columns-is-layout-flex\">\n<div class=\"wp-block-column is-layout-flow wp-block-column-is-layout-flow\" style=\"flex-basis:50%\">\n<figure class=\"wp-block-image size-full\"><img loading=\"lazy\" decoding=\"async\" width=\"583\" height=\"827\" src=\"https:\/\/anita-kontrec.com\/wp-content\/uploads\/2025\/07\/Anita-Kontrec-za-web-najavu_vertikalno_1.jpg\" alt=\"\" class=\"wp-image-134\" srcset=\"https:\/\/anita-kontrec.com\/wp-content\/uploads\/2025\/07\/Anita-Kontrec-za-web-najavu_vertikalno_1.jpg 583w, https:\/\/anita-kontrec.com\/wp-content\/uploads\/2025\/07\/Anita-Kontrec-za-web-najavu_vertikalno_1-211x300.jpg 211w\" sizes=\"auto, (max-width: 583px) 100vw, 583px\" \/><\/figure>\n\n\n\n<div class=\"wp-block-buttons is-content-justification-center is-layout-flex wp-container-core-buttons-is-layout-16018d1d wp-block-buttons-is-layout-flex\">\n<div class=\"wp-block-button\"><a class=\"wp-block-button__link wp-element-button\" href=\"https:\/\/anita-kontrec.com\/wp-content\/uploads\/2025\/07\/Anita-Kontrec_Monography.pdf\" target=\"_blank\" rel=\"noreferrer noopener\">open<\/a><\/div>\n<\/div>\n<\/div>\n\n\n\n<div class=\"wp-block-column is-layout-flow wp-block-column-is-layout-flow\" style=\"flex-basis:50%\">\n<h5 class=\"wp-block-heading\">KRU\u017dNI&nbsp; TOK&nbsp; &nbsp;\/ KREISVERKEHR&nbsp; \/ ROUNDABOUT<\/h5>\n\n\n\n<p class=\"has-small-font-size\"><strong>Publisher<\/strong>: Croatian Association of Fine Artists \/HDLU, Zagreb, Croatia<br><strong>Editors<\/strong>: Anita Kontrec, Ante Ra\u0161i\u0107<br><strong>Design<\/strong>: Studio Ra\u0161i\u0107, Zagreb<br><strong>Author of Introduction and Interview<\/strong> : Iva K\u00f6rbler<br><strong>Other authors<\/strong>: Peter Lodermeyer, An\u0111elko Hundi\u0107, Gerhard Kolberg, Aleksandar Flaker,Thomas E. schultze, J\u00fcrgen Kisters, Anita Kontrec<br><strong>Texts in Croatian, English and German; 223 pages with photos<\/strong><br><strong>ISBN<\/strong>: 978-953-8098-11-6<br><strong>Monography as well as retrospective supported by: <\/strong>Ministry of Culture of the Republic of Croatia, City of Zagreb, Goethe Institut and Embassy of German Federal Republic<\/p>\n\n\n\n<p>Price: 35,- Euro \/without postage\/<\/p>\n<\/div>\n<\/div>\n<\/div>\n\n\n\n<div class=\"wp-block-column is-layout-flow wp-block-column-is-layout-flow\">\n<div class=\"wp-block-columns is-layout-flex wp-container-core-columns-is-layout-9d6595d7 wp-block-columns-is-layout-flex\">\n<div class=\"wp-block-column is-layout-flow wp-block-column-is-layout-flow\">\n<figure class=\"wp-block-image size-full\"><img loading=\"lazy\" decoding=\"async\" width=\"366\" height=\"518\" src=\"https:\/\/anita-kontrec.com\/wp-content\/uploads\/2025\/07\/invisible_rose.jpg\" alt=\"\" class=\"wp-image-142\" srcset=\"https:\/\/anita-kontrec.com\/wp-content\/uploads\/2025\/07\/invisible_rose.jpg 366w, https:\/\/anita-kontrec.com\/wp-content\/uploads\/2025\/07\/invisible_rose-212x300.jpg 212w\" sizes=\"auto, (max-width: 366px) 100vw, 366px\" \/><\/figure>\n\n\n\n<div class=\"wp-block-buttons is-content-justification-center is-layout-flex wp-container-core-buttons-is-layout-16018d1d wp-block-buttons-is-layout-flex\">\n<div class=\"wp-block-button\"><a class=\"wp-block-button__link wp-element-button\" href=\"https:\/\/anita-kontrec.com\/wp-content\/uploads\/2025\/07\/Anita-Kontrec-_-Invisible-Rose_compressed.pdf\" target=\"_blank\" rel=\"noreferrer noopener\">OPEN<\/a><\/div>\n<\/div>\n<\/div>\n\n\n\n<div class=\"wp-block-column is-layout-flow wp-block-column-is-layout-flow\">\n<h5 class=\"wp-block-heading\">Nevidljiva Ru\u017ea \/ Invisible Rose<\/h5>\n\n\n\n<p class=\"has-small-font-size\"><strong>Publisher<\/strong>: Muzeji Ivana Me\u0161trovi\u0107a<br><strong>Editor<\/strong>: Danica Plazibat<br><strong>Texts by<\/strong>: Danica Plazibat, Dalibor Pran\u010devi\u0107, Anita Kontrec<br><strong>Design<\/strong>: Studio Ra\u0161i\u0107, Zagreb<br>Texts in Croatian and English, 56 pages with photos<br>ISBN 978-953-7396-03-9<br>Catalogue and exhibition were supported by Ministry of Culture of the Republic of Croatia, City of Zagreb \u2013 Office for Education, Culture and Sport<\/p>\n\n\n\n<p>Price: 15,- Euro \/without postage\/<\/p>\n<\/div>\n<\/div>\n<\/div>\n<\/div>\n\n\n\n<div class=\"wp-block-columns alignwide is-layout-flex wp-container-core-columns-is-layout-9d6595d7 wp-block-columns-is-layout-flex\">\n<div class=\"wp-block-column is-layout-flow wp-block-column-is-layout-flow\">\n<div class=\"wp-block-columns is-layout-flex wp-container-core-columns-is-layout-9d6595d7 wp-block-columns-is-layout-flex\">\n<div class=\"wp-block-column is-layout-flow wp-block-column-is-layout-flow\" style=\"flex-basis:50%\">\n<figure class=\"wp-block-image size-full\"><img loading=\"lazy\" decoding=\"async\" width=\"1776\" height=\"2560\" src=\"https:\/\/anita-kontrec.com\/wp-content\/uploads\/2025\/07\/Recall-Atlantis_naslovna-scaled.jpg\" alt=\"\" class=\"wp-image-144\" srcset=\"https:\/\/anita-kontrec.com\/wp-content\/uploads\/2025\/07\/Recall-Atlantis_naslovna-scaled.jpg 1776w, https:\/\/anita-kontrec.com\/wp-content\/uploads\/2025\/07\/Recall-Atlantis_naslovna-208x300.jpg 208w, https:\/\/anita-kontrec.com\/wp-content\/uploads\/2025\/07\/Recall-Atlantis_naslovna-710x1024.jpg 710w, https:\/\/anita-kontrec.com\/wp-content\/uploads\/2025\/07\/Recall-Atlantis_naslovna-768x1107.jpg 768w, https:\/\/anita-kontrec.com\/wp-content\/uploads\/2025\/07\/Recall-Atlantis_naslovna-1066x1536.jpg 1066w, https:\/\/anita-kontrec.com\/wp-content\/uploads\/2025\/07\/Recall-Atlantis_naslovna-1421x2048.jpg 1421w, https:\/\/anita-kontrec.com\/wp-content\/uploads\/2025\/07\/Recall-Atlantis_naslovna-1200x1730.jpg 1200w\" sizes=\"auto, (max-width: 1776px) 100vw, 1776px\" \/><\/figure>\n<\/div>\n\n\n\n<div class=\"wp-block-column is-layout-flow wp-block-column-is-layout-flow\" style=\"flex-basis:50%\">\n<h5 class=\"wp-block-heading\">Recall Atlantis<\/h5>\n\n\n\n<p class=\"has-small-font-size\"><strong>Publisher<\/strong>: Croatia Association of Fine Artists\/ HDLU<br><strong>Editors<\/strong>: Anita Kontec, Ante Ra\u0161i\u0107<br><strong>Design<\/strong>: Studio Ra\u0161i\u0107, Zagreb<br><strong>Text by<\/strong> : Peter Lodermeyer<br>Text in Croatian, German and English; 48 pages with photos<br>ISBN: 953-6508-32-X<br>Catalogue and exhibition were supported by Ministry of Culture of the Republic of Croatia and City of Zagreb<\/p>\n\n\n\n<p>Price: 15,- Euro \/without postage\/<\/p>\n<\/div>\n<\/div>\n<\/div>\n\n\n\n<div class=\"wp-block-column is-layout-flow wp-block-column-is-layout-flow\">\n<div class=\"wp-block-columns is-layout-flex wp-container-core-columns-is-layout-9d6595d7 wp-block-columns-is-layout-flex\">\n<div class=\"wp-block-column is-layout-flow wp-block-column-is-layout-flow\">\n<figure class=\"wp-block-image size-full\"><img loading=\"lazy\" decoding=\"async\" width=\"1181\" height=\"1514\" src=\"https:\/\/anita-kontrec.com\/wp-content\/uploads\/2025\/07\/IMG_2482__.jpg\" alt=\"\" class=\"wp-image-140\" srcset=\"https:\/\/anita-kontrec.com\/wp-content\/uploads\/2025\/07\/IMG_2482__.jpg 1181w, https:\/\/anita-kontrec.com\/wp-content\/uploads\/2025\/07\/IMG_2482__-234x300.jpg 234w, https:\/\/anita-kontrec.com\/wp-content\/uploads\/2025\/07\/IMG_2482__-799x1024.jpg 799w, https:\/\/anita-kontrec.com\/wp-content\/uploads\/2025\/07\/IMG_2482__-768x985.jpg 768w\" sizes=\"auto, (max-width: 1181px) 100vw, 1181px\" \/><\/figure>\n\n\n\n<figure class=\"wp-block-gallery has-nested-images columns-default is-cropped wp-block-gallery-1 is-layout-flex wp-block-gallery-is-layout-flex\">\n<figure class=\"wp-block-image size-large\"><img loading=\"lazy\" decoding=\"async\" width=\"1024\" height=\"728\" data-id=\"150\" src=\"https:\/\/anita-kontrec.com\/wp-content\/uploads\/2025\/07\/4b-gr-1024x728.jpg\" alt=\"\" class=\"wp-image-150\" srcset=\"https:\/\/anita-kontrec.com\/wp-content\/uploads\/2025\/07\/4b-gr-1024x728.jpg 1024w, https:\/\/anita-kontrec.com\/wp-content\/uploads\/2025\/07\/4b-gr-300x213.jpg 300w, https:\/\/anita-kontrec.com\/wp-content\/uploads\/2025\/07\/4b-gr-768x546.jpg 768w, https:\/\/anita-kontrec.com\/wp-content\/uploads\/2025\/07\/4b-gr.jpg 1102w\" sizes=\"auto, (max-width: 1024px) 100vw, 1024px\" \/><\/figure>\n\n\n\n<figure class=\"wp-block-image size-large\"><img loading=\"lazy\" decoding=\"async\" width=\"1000\" height=\"714\" data-id=\"149\" src=\"https:\/\/anita-kontrec.com\/wp-content\/uploads\/2025\/07\/1a-gr_FLAYER.jpg\" alt=\"\" class=\"wp-image-149\" srcset=\"https:\/\/anita-kontrec.com\/wp-content\/uploads\/2025\/07\/1a-gr_FLAYER.jpg 1000w, https:\/\/anita-kontrec.com\/wp-content\/uploads\/2025\/07\/1a-gr_FLAYER-300x214.jpg 300w, https:\/\/anita-kontrec.com\/wp-content\/uploads\/2025\/07\/1a-gr_FLAYER-768x548.jpg 768w\" sizes=\"auto, (max-width: 1000px) 100vw, 1000px\" \/><\/figure>\n<\/figure>\n<\/div>\n\n\n\n<div class=\"wp-block-column is-layout-flow wp-block-column-is-layout-flow\">\n<h5 class=\"wp-block-heading\">Recall Byblos<\/h5>\n\n\n\n<p class=\"has-small-font-size\"><strong>Publisher<\/strong>: Ludwig Forum f\u00fcr Internationale Kunst, Aachen<br>Anita Kontrec, Robert Pinsdorf<br><strong>Authors of texts: <\/strong>Wolfgang Ernst, Paul Esters, Radovan Ivan\u010devi\u0107, Anita Kontrec, Ana Lendvaj, Robert Pisdorf, Andrea Raehs, Gudrun Schmidt<br><strong>Design:<\/strong> Studio Ra\u0161i\u0107, Zagreb<br>All texts are in German; 146 pages with photos<br>ISBN 3-929292-14-9<\/p>\n\n\n\n<p>Catalogue and exhibiton supported by Stiftung \u201cKunst und Kultur\u201d NRW<\/p>\n<\/div>\n<\/div>\n<\/div>\n<\/div>\n\n\n\n<div class=\"wp-block-columns is-layout-flex wp-container-core-columns-is-layout-9d6595d7 wp-block-columns-is-layout-flex\">\n<div class=\"wp-block-column is-layout-flow wp-block-column-is-layout-flow\"><\/div>\n\n\n\n<div class=\"wp-block-column is-layout-flow wp-block-column-is-layout-flow\"><\/div>\n<\/div>\n\n\n\n<h2 class=\"wp-block-heading alignwide\">Press<\/h2>\n\n\n\n<figure class=\"wp-block-gallery alignwide has-nested-images columns-5 is-cropped wp-block-gallery-2 is-layout-flex wp-block-gallery-is-layout-flex\">\n<figure class=\"wp-block-image size-large\"><img loading=\"lazy\" decoding=\"async\" width=\"701\" height=\"1024\" data-id=\"147\" src=\"https:\/\/anita-kontrec.com\/wp-content\/uploads\/2025\/07\/vjesnik-701x1024.jpg\" alt=\"\" class=\"wp-image-147\" srcset=\"https:\/\/anita-kontrec.com\/wp-content\/uploads\/2025\/07\/vjesnik-701x1024.jpg 701w, https:\/\/anita-kontrec.com\/wp-content\/uploads\/2025\/07\/vjesnik-205x300.jpg 205w, https:\/\/anita-kontrec.com\/wp-content\/uploads\/2025\/07\/vjesnik-768x1122.jpg 768w, https:\/\/anita-kontrec.com\/wp-content\/uploads\/2025\/07\/vjesnik-1051x1536.jpg 1051w, https:\/\/anita-kontrec.com\/wp-content\/uploads\/2025\/07\/vjesnik-1401x2048.jpg 1401w, https:\/\/anita-kontrec.com\/wp-content\/uploads\/2025\/07\/vjesnik-1200x1754.jpg 1200w, https:\/\/anita-kontrec.com\/wp-content\/uploads\/2025\/07\/vjesnik.jpg 1593w\" sizes=\"auto, (max-width: 701px) 100vw, 701px\" \/><\/figure>\n\n\n\n<figure class=\"wp-block-image size-large\"><img loading=\"lazy\" decoding=\"async\" width=\"614\" height=\"1024\" data-id=\"146\" src=\"https:\/\/anita-kontrec.com\/wp-content\/uploads\/2025\/07\/Untitled-13-614x1024.jpg\" alt=\"\" class=\"wp-image-146\" srcset=\"https:\/\/anita-kontrec.com\/wp-content\/uploads\/2025\/07\/Untitled-13-614x1024.jpg 614w, https:\/\/anita-kontrec.com\/wp-content\/uploads\/2025\/07\/Untitled-13-180x300.jpg 180w, https:\/\/anita-kontrec.com\/wp-content\/uploads\/2025\/07\/Untitled-13-768x1281.jpg 768w, https:\/\/anita-kontrec.com\/wp-content\/uploads\/2025\/07\/Untitled-13-921x1536.jpg 921w, https:\/\/anita-kontrec.com\/wp-content\/uploads\/2025\/07\/Untitled-13-1200x2001.jpg 1200w, https:\/\/anita-kontrec.com\/wp-content\/uploads\/2025\/07\/Untitled-13.jpg 1218w\" sizes=\"auto, (max-width: 614px) 100vw, 614px\" \/><\/figure>\n\n\n\n<figure class=\"wp-block-image size-large\"><img loading=\"lazy\" decoding=\"async\" width=\"668\" height=\"1024\" data-id=\"145\" src=\"https:\/\/anita-kontrec.com\/wp-content\/uploads\/2025\/07\/Untitled-12-668x1024.jpg\" alt=\"\" class=\"wp-image-145\" srcset=\"https:\/\/anita-kontrec.com\/wp-content\/uploads\/2025\/07\/Untitled-12-668x1024.jpg 668w, https:\/\/anita-kontrec.com\/wp-content\/uploads\/2025\/07\/Untitled-12-196x300.jpg 196w, https:\/\/anita-kontrec.com\/wp-content\/uploads\/2025\/07\/Untitled-12-768x1178.jpg 768w, https:\/\/anita-kontrec.com\/wp-content\/uploads\/2025\/07\/Untitled-12-1001x1536.jpg 1001w, https:\/\/anita-kontrec.com\/wp-content\/uploads\/2025\/07\/Untitled-12-1335x2048.jpg 1335w, https:\/\/anita-kontrec.com\/wp-content\/uploads\/2025\/07\/Untitled-12-1200x1841.jpg 1200w, https:\/\/anita-kontrec.com\/wp-content\/uploads\/2025\/07\/Untitled-12.jpg 1407w\" sizes=\"auto, (max-width: 668px) 100vw, 668px\" \/><\/figure>\n\n\n\n<figure class=\"wp-block-image size-large\"><img loading=\"lazy\" decoding=\"async\" width=\"723\" height=\"1024\" data-id=\"143\" src=\"https:\/\/anita-kontrec.com\/wp-content\/uploads\/2025\/07\/premieren-723x1024.jpg\" alt=\"\" class=\"wp-image-143\" srcset=\"https:\/\/anita-kontrec.com\/wp-content\/uploads\/2025\/07\/premieren-723x1024.jpg 723w, https:\/\/anita-kontrec.com\/wp-content\/uploads\/2025\/07\/premieren-212x300.jpg 212w, https:\/\/anita-kontrec.com\/wp-content\/uploads\/2025\/07\/premieren-768x1088.jpg 768w, https:\/\/anita-kontrec.com\/wp-content\/uploads\/2025\/07\/premieren-1084x1536.jpg 1084w, https:\/\/anita-kontrec.com\/wp-content\/uploads\/2025\/07\/premieren-1445x2048.jpg 1445w, https:\/\/anita-kontrec.com\/wp-content\/uploads\/2025\/07\/premieren-1200x1700.jpg 1200w, https:\/\/anita-kontrec.com\/wp-content\/uploads\/2025\/07\/premieren.jpg 1636w\" sizes=\"auto, (max-width: 723px) 100vw, 723px\" \/><\/figure>\n\n\n\n<figure class=\"wp-block-image size-large\"><img loading=\"lazy\" decoding=\"async\" width=\"512\" height=\"1024\" data-id=\"141\" src=\"https:\/\/anita-kontrec.com\/wp-content\/uploads\/2025\/07\/IMG_2515-512x1024.jpg\" alt=\"\" class=\"wp-image-141\" srcset=\"https:\/\/anita-kontrec.com\/wp-content\/uploads\/2025\/07\/IMG_2515-512x1024.jpg 512w, https:\/\/anita-kontrec.com\/wp-content\/uploads\/2025\/07\/IMG_2515-150x300.jpg 150w, https:\/\/anita-kontrec.com\/wp-content\/uploads\/2025\/07\/IMG_2515-768x1536.jpg 768w, https:\/\/anita-kontrec.com\/wp-content\/uploads\/2025\/07\/IMG_2515-rotated.jpg 788w\" sizes=\"auto, (max-width: 512px) 100vw, 512px\" \/><\/figure>\n\n\n\n<figure class=\"wp-block-image size-large\"><img loading=\"lazy\" decoding=\"async\" width=\"592\" height=\"1024\" data-id=\"139\" src=\"https:\/\/anita-kontrec.com\/wp-content\/uploads\/2025\/07\/DSC_0852-592x1024.jpg\" alt=\"\" class=\"wp-image-139\" srcset=\"https:\/\/anita-kontrec.com\/wp-content\/uploads\/2025\/07\/DSC_0852-592x1024.jpg 592w, https:\/\/anita-kontrec.com\/wp-content\/uploads\/2025\/07\/DSC_0852-173x300.jpg 173w, https:\/\/anita-kontrec.com\/wp-content\/uploads\/2025\/07\/DSC_0852-768x1328.jpg 768w, https:\/\/anita-kontrec.com\/wp-content\/uploads\/2025\/07\/DSC_0852-888x1536.jpg 888w, https:\/\/anita-kontrec.com\/wp-content\/uploads\/2025\/07\/DSC_0852-1184x2048.jpg 1184w, https:\/\/anita-kontrec.com\/wp-content\/uploads\/2025\/07\/DSC_0852-1200x2075.jpg 1200w, https:\/\/anita-kontrec.com\/wp-content\/uploads\/2025\/07\/DSC_0852-rotated.jpg 1366w\" sizes=\"auto, (max-width: 592px) 100vw, 592px\" \/><\/figure>\n\n\n\n<figure class=\"wp-block-image size-large\"><img loading=\"lazy\" decoding=\"async\" width=\"485\" height=\"1024\" data-id=\"138\" src=\"https:\/\/anita-kontrec.com\/wp-content\/uploads\/2025\/07\/DSC_0851-485x1024.jpg\" alt=\"\" class=\"wp-image-138\" srcset=\"https:\/\/anita-kontrec.com\/wp-content\/uploads\/2025\/07\/DSC_0851-485x1024.jpg 485w, https:\/\/anita-kontrec.com\/wp-content\/uploads\/2025\/07\/DSC_0851-142x300.jpg 142w, https:\/\/anita-kontrec.com\/wp-content\/uploads\/2025\/07\/DSC_0851-768x1623.jpg 768w, https:\/\/anita-kontrec.com\/wp-content\/uploads\/2025\/07\/DSC_0851-727x1536.jpg 727w, https:\/\/anita-kontrec.com\/wp-content\/uploads\/2025\/07\/DSC_0851-969x2048.jpg 969w, https:\/\/anita-kontrec.com\/wp-content\/uploads\/2025\/07\/DSC_0851-rotated.jpg 1118w\" sizes=\"auto, (max-width: 485px) 100vw, 485px\" \/><\/figure>\n\n\n\n<figure class=\"wp-block-image size-large\"><img loading=\"lazy\" decoding=\"async\" width=\"730\" height=\"1024\" data-id=\"137\" src=\"https:\/\/anita-kontrec.com\/wp-content\/uploads\/2025\/07\/DSC_0849-730x1024.jpg\" alt=\"\" class=\"wp-image-137\" srcset=\"https:\/\/anita-kontrec.com\/wp-content\/uploads\/2025\/07\/DSC_0849-730x1024.jpg 730w, https:\/\/anita-kontrec.com\/wp-content\/uploads\/2025\/07\/DSC_0849-214x300.jpg 214w, https:\/\/anita-kontrec.com\/wp-content\/uploads\/2025\/07\/DSC_0849-768x1078.jpg 768w, https:\/\/anita-kontrec.com\/wp-content\/uploads\/2025\/07\/DSC_0849-1095x1536.jpg 1095w, https:\/\/anita-kontrec.com\/wp-content\/uploads\/2025\/07\/DSC_0849-1460x2048.jpg 1460w, https:\/\/anita-kontrec.com\/wp-content\/uploads\/2025\/07\/DSC_0849-1200x1684.jpg 1200w, https:\/\/anita-kontrec.com\/wp-content\/uploads\/2025\/07\/DSC_0849-scaled.jpg 1825w\" sizes=\"auto, (max-width: 730px) 100vw, 730px\" \/><\/figure>\n\n\n\n<figure class=\"wp-block-image size-large\"><img loading=\"lazy\" decoding=\"async\" width=\"905\" height=\"603\" data-id=\"136\" src=\"https:\/\/anita-kontrec.com\/wp-content\/uploads\/2025\/07\/artfair06.jpg\" alt=\"\" class=\"wp-image-136\" srcset=\"https:\/\/anita-kontrec.com\/wp-content\/uploads\/2025\/07\/artfair06.jpg 905w, https:\/\/anita-kontrec.com\/wp-content\/uploads\/2025\/07\/artfair06-300x200.jpg 300w, https:\/\/anita-kontrec.com\/wp-content\/uploads\/2025\/07\/artfair06-768x512.jpg 768w\" sizes=\"auto, (max-width: 905px) 100vw, 905px\" \/><\/figure>\n\n\n\n<figure class=\"wp-block-image size-large\"><img loading=\"lazy\" decoding=\"async\" width=\"772\" height=\"1024\" data-id=\"132\" src=\"https:\/\/anita-kontrec.com\/wp-content\/uploads\/2025\/07\/2010-11_-Kontura_slika-5-772x1024.jpg\" alt=\"\" class=\"wp-image-132\" srcset=\"https:\/\/anita-kontrec.com\/wp-content\/uploads\/2025\/07\/2010-11_-Kontura_slika-5-772x1024.jpg 772w, https:\/\/anita-kontrec.com\/wp-content\/uploads\/2025\/07\/2010-11_-Kontura_slika-5-226x300.jpg 226w, https:\/\/anita-kontrec.com\/wp-content\/uploads\/2025\/07\/2010-11_-Kontura_slika-5-768x1018.jpg 768w, https:\/\/anita-kontrec.com\/wp-content\/uploads\/2025\/07\/2010-11_-Kontura_slika-5-1159x1536.jpg 1159w, https:\/\/anita-kontrec.com\/wp-content\/uploads\/2025\/07\/2010-11_-Kontura_slika-5-1545x2048.jpg 1545w, https:\/\/anita-kontrec.com\/wp-content\/uploads\/2025\/07\/2010-11_-Kontura_slika-5-1200x1591.jpg 1200w, https:\/\/anita-kontrec.com\/wp-content\/uploads\/2025\/07\/2010-11_-Kontura_slika-5-1980x2625.jpg 1980w, https:\/\/anita-kontrec.com\/wp-content\/uploads\/2025\/07\/2010-11_-Kontura_slika-5-scaled.jpg 1931w\" sizes=\"auto, (max-width: 772px) 100vw, 772px\" \/><\/figure>\n\n\n\n<figure class=\"wp-block-image size-large\"><img loading=\"lazy\" decoding=\"async\" width=\"796\" height=\"1024\" data-id=\"152\" src=\"https:\/\/anita-kontrec.com\/wp-content\/uploads\/2025\/07\/2009-_Das-ist-Koln_Anita_Kontrec-796x1024.jpg\" alt=\"\" class=\"wp-image-152\" srcset=\"https:\/\/anita-kontrec.com\/wp-content\/uploads\/2025\/07\/2009-_Das-ist-Koln_Anita_Kontrec-796x1024.jpg 796w, https:\/\/anita-kontrec.com\/wp-content\/uploads\/2025\/07\/2009-_Das-ist-Koln_Anita_Kontrec-233x300.jpg 233w, https:\/\/anita-kontrec.com\/wp-content\/uploads\/2025\/07\/2009-_Das-ist-Koln_Anita_Kontrec-768x987.jpg 768w, https:\/\/anita-kontrec.com\/wp-content\/uploads\/2025\/07\/2009-_Das-ist-Koln_Anita_Kontrec.jpg 945w\" sizes=\"auto, (max-width: 796px) 100vw, 796px\" \/><\/figure>\n\n\n\n<figure class=\"wp-block-image size-large\"><img loading=\"lazy\" decoding=\"async\" width=\"779\" height=\"1024\" data-id=\"131\" src=\"https:\/\/anita-kontrec.com\/wp-content\/uploads\/2025\/07\/2010-11_-Kontura_slika-4-779x1024.jpg\" alt=\"\" class=\"wp-image-131\" srcset=\"https:\/\/anita-kontrec.com\/wp-content\/uploads\/2025\/07\/2010-11_-Kontura_slika-4-779x1024.jpg 779w, https:\/\/anita-kontrec.com\/wp-content\/uploads\/2025\/07\/2010-11_-Kontura_slika-4-228x300.jpg 228w, https:\/\/anita-kontrec.com\/wp-content\/uploads\/2025\/07\/2010-11_-Kontura_slika-4-768x1009.jpg 768w, https:\/\/anita-kontrec.com\/wp-content\/uploads\/2025\/07\/2010-11_-Kontura_slika-4-1169x1536.jpg 1169w, https:\/\/anita-kontrec.com\/wp-content\/uploads\/2025\/07\/2010-11_-Kontura_slika-4-1559x2048.jpg 1559w, https:\/\/anita-kontrec.com\/wp-content\/uploads\/2025\/07\/2010-11_-Kontura_slika-4-1200x1577.jpg 1200w, https:\/\/anita-kontrec.com\/wp-content\/uploads\/2025\/07\/2010-11_-Kontura_slika-4-1980x2601.jpg 1980w, https:\/\/anita-kontrec.com\/wp-content\/uploads\/2025\/07\/2010-11_-Kontura_slika-4-scaled.jpg 1948w\" sizes=\"auto, (max-width: 779px) 100vw, 779px\" \/><\/figure>\n\n\n\n<figure class=\"wp-block-image size-large\"><img loading=\"lazy\" decoding=\"async\" width=\"679\" height=\"1024\" data-id=\"148\" src=\"https:\/\/anita-kontrec.com\/wp-content\/uploads\/2025\/07\/1_DSC_0849-679x1024.jpg\" alt=\"\" class=\"wp-image-148\" srcset=\"https:\/\/anita-kontrec.com\/wp-content\/uploads\/2025\/07\/1_DSC_0849-679x1024.jpg 679w, https:\/\/anita-kontrec.com\/wp-content\/uploads\/2025\/07\/1_DSC_0849-199x300.jpg 199w, https:\/\/anita-kontrec.com\/wp-content\/uploads\/2025\/07\/1_DSC_0849-768x1159.jpg 768w, https:\/\/anita-kontrec.com\/wp-content\/uploads\/2025\/07\/1_DSC_0849-1018x1536.jpg 1018w, https:\/\/anita-kontrec.com\/wp-content\/uploads\/2025\/07\/1_DSC_0849-1357x2048.jpg 1357w, https:\/\/anita-kontrec.com\/wp-content\/uploads\/2025\/07\/1_DSC_0849-1200x1810.jpg 1200w, https:\/\/anita-kontrec.com\/wp-content\/uploads\/2025\/07\/1_DSC_0849-scaled.jpg 1697w\" sizes=\"auto, (max-width: 679px) 100vw, 679px\" \/><\/figure>\n\n\n\n<figure class=\"wp-block-image size-large\"><img loading=\"lazy\" decoding=\"async\" width=\"1024\" height=\"724\" data-id=\"151\" src=\"https:\/\/anita-kontrec.com\/wp-content\/uploads\/2025\/07\/1989_Vecernji-list_-Nulto-stanje-arhitekture-1-1024x724.jpg\" alt=\"\" class=\"wp-image-151\" srcset=\"https:\/\/anita-kontrec.com\/wp-content\/uploads\/2025\/07\/1989_Vecernji-list_-Nulto-stanje-arhitekture-1-1024x724.jpg 1024w, https:\/\/anita-kontrec.com\/wp-content\/uploads\/2025\/07\/1989_Vecernji-list_-Nulto-stanje-arhitekture-1-300x212.jpg 300w, https:\/\/anita-kontrec.com\/wp-content\/uploads\/2025\/07\/1989_Vecernji-list_-Nulto-stanje-arhitekture-1-768x543.jpg 768w, https:\/\/anita-kontrec.com\/wp-content\/uploads\/2025\/07\/1989_Vecernji-list_-Nulto-stanje-arhitekture-1-1536x1086.jpg 1536w, https:\/\/anita-kontrec.com\/wp-content\/uploads\/2025\/07\/1989_Vecernji-list_-Nulto-stanje-arhitekture-1-2048x1448.jpg 2048w, https:\/\/anita-kontrec.com\/wp-content\/uploads\/2025\/07\/1989_Vecernji-list_-Nulto-stanje-arhitekture-1-1200x849.jpg 1200w, https:\/\/anita-kontrec.com\/wp-content\/uploads\/2025\/07\/1989_Vecernji-list_-Nulto-stanje-arhitekture-1-1980x1400.jpg 1980w\" sizes=\"auto, (max-width: 1024px) 100vw, 1024px\" \/><\/figure>\n<\/figure>\n","protected":false},"excerpt":{"rendered":"<p>KRU\u017dNI&nbsp; TOK&nbsp; &nbsp;\/ KREISVERKEHR&nbsp; \/ ROUNDABOUT Publisher: Croatian Association of Fine Artists \/HDLU, Zagreb, CroatiaEditors: Anita Kontrec, Ante Ra\u0161i\u0107Design: Studio Ra\u0161i\u0107, ZagrebAuthor of Introduction and Interview : Iva K\u00f6rblerOther authors: Peter Lodermeyer, An\u0111elko Hundi\u0107, Gerhard Kolberg, Aleksandar Flaker,Thomas E. schultze, J\u00fcrgen Kisters, Anita KontrecTexts in Croatian, English and German; 223 pages with photosISBN: 978-953-8098-11-6Monography as [&hellip;]<\/p>\n","protected":false},"author":1,"featured_media":0,"parent":0,"menu_order":0,"comment_status":"closed","ping_status":"closed","template":"","meta":{"advanced_seo_description":"","jetpack_seo_html_title":"","jetpack_seo_noindex":false,"footnotes":""},"class_list":["post-160","page","type-page","status-publish","hentry"],"jetpack_sharing_enabled":true,"_links":{"self":[{"href":"https:\/\/anita-kontrec.com\/index.php?rest_route=\/wp\/v2\/pages\/160","targetHints":{"allow":["GET"]}}],"collection":[{"href":"https:\/\/anita-kontrec.com\/index.php?rest_route=\/wp\/v2\/pages"}],"about":[{"href":"https:\/\/anita-kontrec.com\/index.php?rest_route=\/wp\/v2\/types\/page"}],"author":[{"embeddable":true,"href":"https:\/\/anita-kontrec.com\/index.php?rest_route=\/wp\/v2\/users\/1"}],"replies":[{"embeddable":true,"href":"https:\/\/anita-kontrec.com\/index.php?rest_route=%2Fwp%2Fv2%2Fcomments&post=160"}],"version-history":[{"count":9,"href":"https:\/\/anita-kontrec.com\/index.php?rest_route=\/wp\/v2\/pages\/160\/revisions"}],"predecessor-version":[{"id":228,"href":"https:\/\/anita-kontrec.com\/index.php?rest_route=\/wp\/v2\/pages\/160\/revisions\/228"}],"wp:attachment":[{"href":"https:\/\/anita-kontrec.com\/index.php?rest_route=%2Fwp%2Fv2%2Fmedia&parent=160"}],"curies":[{"name":"wp","href":"https:\/\/api.w.org\/{rel}","templated":true}]}}